{"id":356,"date":"2024-11-29T07:55:20","date_gmt":"2024-11-29T07:55:20","guid":{"rendered":"https:\/\/elextreme\u00f1o.com\/?page_id=356"},"modified":"2025-01-28T23:27:15","modified_gmt":"2025-01-28T23:27:15","slug":"inicio","status":"publish","type":"page","link":"https:\/\/elextreme\u00f1o.com\/inicio\/","title":{"rendered":"Inicio"},"content":{"rendered":"<p>[et_pb_section fb_built=\u00bb1&#8243; next_background_color=\u00bb#474747&#8243; _builder_version=\u00bb4.27.0&#8243; _module_preset=\u00bbdefault\u00bb background_image=\u00bbhttps:\/\/elextreme\u00f1o.com\/wp-content\/uploads\/2019\/12\/haz-tu-pedido.jpg\u00bb custom_padding=\u00bb||100px|||\u00bb bottom_divider_style=\u00bbarrow2&#8243; global_colors_info=\u00bb{}\u00bb][et_pb_row _builder_version=\u00bb4.16&#8243; _module_preset=\u00bbdefault\u00bb custom_margin=\u00bb|auto|12px|auto||\u00bb global_colors_info=\u00bb{}\u00bb][et_pb_column type=\u00bb4_4&#8243; _builder_version=\u00bb4.16&#8243; _module_preset=\u00bbdefault\u00bb global_colors_info=\u00bb{}\u00bb][et_pb_text _builder_version=\u00bb4.16&#8243; _module_preset=\u00bbdefault\u00bb header_font=\u00bbKaushan Script|300|||||||\u00bb header_font_size=\u00bb6em\u00bb header_3_font=\u00bb|||on|||||\u00bb header_3_line_height=\u00bb0em\u00bb background_enable_color=\u00bboff\u00bb background_enable_image=\u00bboff\u00bb text_orientation=\u00bbcenter\u00bb background_layout=\u00bbdark\u00bb custom_padding=\u00bb15px|15px|15px|15px|true|true\u00bb header_font_size_tablet=\u00bb\u00bb header_font_size_phone=\u00bb3.5em\u00bb header_font_size_last_edited=\u00bbon|phone\u00bb text_text_shadow_style=\u00bbpreset2&#8243; global_colors_info=\u00bb{}\u00bb]<\/p>\n<h3><span style=\"color: #c1a58a;\">El Extreme\u00f1o<\/span><\/h3>\n<h1>\u00bfQuieres comer bien?<\/h1>\n<p>[\/et_pb_text][\/et_pb_column][\/et_pb_row][\/et_pb_section][et_pb_section fb_built=\u00bb1&#8243; _builder_version=\u00bb4.16&#8243; _module_preset=\u00bbdefault\u00bb background_color=\u00bb#474747&#8243; global_colors_info=\u00bb{}\u00bb][et_pb_row column_structure=\u00bb1_2,1_2&#8243; _builder_version=\u00bb4.16&#8243; _module_preset=\u00bbdefault\u00bb global_colors_info=\u00bb{}\u00bb][et_pb_column type=\u00bb1_2&#8243; _builder_version=\u00bb4.16&#8243; _module_preset=\u00bbdefault\u00bb global_colors_info=\u00bb{}\u00bb][et_pb_text _builder_version=\u00bb4.16&#8243; _module_preset=\u00bbdefault\u00bb header_2_font=\u00bb|800||on|||||\u00bb header_3_text_color=\u00bb#E09900&#8243; text_orientation=\u00bbcenter\u00bb background_layout=\u00bbdark\u00bb global_colors_info=\u00bb{}\u00bb]<\/p>\n<h2>El Extreme\u00f1o SAN ROQUE<\/h2>\n<h3><strong>924 25 45 52<\/strong><\/h3>\n<p>[\/et_pb_text][et_pb_button button_url=\u00bbhttps:\/\/www.numier.com\/cartadigital\/#\/es\/elextremenosanroque\u00bb url_new_window=\u00bbon\u00bb button_text=\u00bbCarta  |  Hacer pedido  online\u00bb button_alignment=\u00bbcenter\u00bb _builder_version=\u00bb4.27.0&#8243; _module_preset=\u00bbdefault\u00bb custom_button=\u00bbon\u00bb button_text_color=\u00bb#ffffff\u00bb button_bg_color=\u00bb#c1a58a\u00bb button_border_width=\u00bb0px\u00bb button_icon=\u00bb&#xe00b;||divi||400&#8243; hover_enabled=\u00bb0&#8243; global_colors_info=\u00bb{}\u00bb sticky_enabled=\u00bb0&#8243;][\/et_pb_button][et_pb_code _builder_version=\u00bb4.16&#8243; _module_preset=\u00bbdefault\u00bb global_colors_info=\u00bb{}\u00bb]<iframe loading=\"lazy\" width=\"100%\" height=\"350\" frameborder=\"0\" scrolling=\"no\" marginheight=\"0\" marginwidth=\"0\" src=\"https:\/\/www.openstreetmap.org\/export\/embed.html?bbox=-6.955767273902894%2C38.87747626340493%2C-6.952800750732423%2C38.879988170538624&#038;layer=mapnik&#038;marker=38.87873222807075%2C-6.9542840123176575\" style=\"border: 1px solid black\"><\/iframe><!\u2013- [et_pb_br_holder] -\u2013><small><a href=\"https:\/\/www.openstreetmap.org\/?mlat=38.87873&#038;mlon=-6.95428#map=19\/38.87873\/-6.95428\">Ver mapa m\u00e1s grande<\/a><\/small>[\/et_pb_code][\/et_pb_column][et_pb_column type=\u00bb1_2&#8243; _builder_version=\u00bb4.16&#8243; _module_preset=\u00bbdefault\u00bb global_colors_info=\u00bb{}\u00bb][et_pb_text _builder_version=\u00bb4.16&#8243; _module_preset=\u00bbdefault\u00bb header_2_font=\u00bb|800||on|||||\u00bb header_3_text_color=\u00bb#E09900&#8243; text_orientation=\u00bbcenter\u00bb background_layout=\u00bbdark\u00bb global_colors_info=\u00bb{}\u00bb]<\/p>\n<h2>El Extreme\u00f1o <span>Valdepasillas<\/span><\/h2>\n<h3><strong>924 22 00 91<\/strong><\/h3>\n<p>[\/et_pb_text][et_pb_button button_url=\u00bbhttps:\/\/www.numier.com\/cartadigital\/#\/es\/elextremenovaldepasillas\u00bb url_new_window=\u00bbon\u00bb button_text=\u00bbCarta  |  Hacer pedido online\u00bb button_alignment=\u00bbcenter\u00bb _builder_version=\u00bb4.27.0&#8243; _module_preset=\u00bbdefault\u00bb custom_button=\u00bbon\u00bb button_text_color=\u00bb#ffffff\u00bb button_bg_color=\u00bb#c1a58a\u00bb button_border_width=\u00bb0px\u00bb button_icon=\u00bb&#xe00b;||divi||400&#8243; hover_enabled=\u00bb0&#8243; global_colors_info=\u00bb{}\u00bb sticky_enabled=\u00bb0&#8243;][\/et_pb_button][et_pb_code _builder_version=\u00bb4.16&#8243; _module_preset=\u00bbdefault\u00bb global_colors_info=\u00bb{}\u00bb]<iframe loading=\"lazy\" width=\"100%\" height=\"350\" frameborder=\"0\" scrolling=\"no\" marginheight=\"0\" marginwidth=\"0\" src=\"https:\/\/www.openstreetmap.org\/export\/embed.html?bbox=-6.9910088181495675%2C38.870969530838%2C-6.988042294979096%2C38.87348166795406&#038;layer=mapnik&#038;marker=38.87222555000164%2C-6.989525700000058\" style=\"border: 1px solid black\"><\/iframe><!\u2013- [et_pb_br_holder] -\u2013><small><a href=\"https:\/\/www.openstreetmap.org\/?mlat=38.87223&#038;mlon=-6.98953#map=19\/38.87223\/-6.98953\">Ver mapa m\u00e1s grande<\/a><\/small>[\/et_pb_code][\/et_pb_column][\/et_pb_row][et_pb_row column_structure=\u00bb1_4,1_4,1_4,1_4&#8243; _builder_version=\u00bb4.16&#8243; _module_preset=\u00bbdefault\u00bb global_colors_info=\u00bb{}\u00bb][et_pb_column type=\u00bb1_4&#8243; _builder_version=\u00bb4.16&#8243; _module_preset=\u00bbdefault\u00bb global_colors_info=\u00bb{}\u00bb][\/et_pb_column][et_pb_column type=\u00bb1_4&#8243; _builder_version=\u00bb4.27.0&#8243; _module_preset=\u00bbdefault\u00bb global_colors_info=\u00bb{}\u00bb][et_pb_text _builder_version=\u00bb4.16&#8243; _module_preset=\u00bbdefault\u00bb header_2_font=\u00bb|800||on|||||\u00bb text_orientation=\u00bbcenter\u00bb background_layout=\u00bbdark\u00bb global_colors_info=\u00bb{}\u00bb]<\/p>\n<h2>Atenci\u00f3n al cliente<\/h2>\n<p>Consultas, quejas y sugerencias:[\/et_pb_text][\/et_pb_column][et_pb_column type=\u00bb1_4&#8243; _builder_version=\u00bb4.27.0&#8243; _module_preset=\u00bbdefault\u00bb global_colors_info=\u00bb{}\u00bb][et_pb_button button_url=\u00bbhttps:\/\/api.whatsapp.com\/send?phone=346223445479&#038;text=Hola,%20Extreme%C3%B1o.%20Quiero%20hacer%20una%20consulta.%20Mi%20nombre%20es%20&#8243; button_text=\u00bbWhatsApp\u00bb button_alignment=\u00bbcenter\u00bb _builder_version=\u00bb4.16&#8243; _module_preset=\u00bbdefault\u00bb custom_button=\u00bbon\u00bb button_text_color=\u00bb#ffffff\u00bb button_bg_color=\u00bb#c1a58a\u00bb button_border_width=\u00bb0px\u00bb button_icon=\u00bb&#xe00b;||divi||400&#8243; global_colors_info=\u00bb{}\u00bb][\/et_pb_button][\/et_pb_column][et_pb_column type=\u00bb1_4&#8243; _builder_version=\u00bb4.16&#8243; _module_preset=\u00bbdefault\u00bb global_colors_info=\u00bb{}\u00bb][\/et_pb_column][\/et_pb_row][\/et_pb_section]<\/p>\n","protected":false},"excerpt":{"rendered":"<p>El Extreme\u00f1o \u00bfQuieres comer bien?El Extreme\u00f1o SAN ROQUE 924 25 45 52El Extreme\u00f1o Valdepasillas 924 22 00 91Atenci\u00f3n al cliente Consultas, quejas y sugerencias:<\/p>\n","protected":false},"author":69,"featured_media":0,"parent":0,"menu_order":0,"comment_status":"closed","ping_status":"closed","template":"","meta":{"_et_pb_use_builder":"on","_et_pb_old_content":"","_et_gb_content_width":"","footnotes":""},"class_list":["post-356","page","type-page","status-publish","hentry"],"_links":{"self":[{"href":"https:\/\/elextreme\u00f1o.com\/inicio\/wp-json\/wp\/v2\/pages\/356","targetHints":{"allow":["GET"]}}],"collection":[{"href":"https:\/\/elextreme\u00f1o.com\/inicio\/wp-json\/wp\/v2\/pages"}],"about":[{"href":"https:\/\/elextreme\u00f1o.com\/inicio\/wp-json\/wp\/v2\/types\/page"}],"author":[{"embeddable":true,"href":"https:\/\/elextreme\u00f1o.com\/inicio\/wp-json\/wp\/v2\/users\/69"}],"replies":[{"embeddable":true,"href":"https:\/\/elextreme\u00f1o.com\/inicio\/wp-json\/wp\/v2\/comments?post=356"}],"version-history":[{"count":5,"href":"https:\/\/elextreme\u00f1o.com\/inicio\/wp-json\/wp\/v2\/pages\/356\/revisions"}],"predecessor-version":[{"id":371,"href":"https:\/\/elextreme\u00f1o.com\/inicio\/wp-json\/wp\/v2\/pages\/356\/revisions\/371"}],"wp:attachment":[{"href":"https:\/\/elextreme\u00f1o.com\/inicio\/wp-json\/wp\/v2\/media?parent=356"}],"curies":[{"name":"wp","href":"https:\/\/api.w.org\/{rel}","templated":true}]}}